{"id":469,"date":"2025-04-07T17:13:09","date_gmt":"2025-04-07T17:13:09","guid":{"rendered":"https:\/\/janua-schottenhansen.com\/?page_id=469"},"modified":"2025-04-07T17:13:09","modified_gmt":"2025-04-07T17:13:09","slug":"datenschutz","status":"publish","type":"page","link":"https:\/\/janua-schottenhansen.com\/en\/datenschutz\/","title":{"rendered":"Datenschutz"},"content":{"rendered":"<p id=\"block-vObvgGvfEM\" class=\"wp-block-nectar-blocks-text nectar-blocks-text\">Datenschutzerkl\u00e4rung<br>1. Verantwortlicher<br>Verantwortlich f\u00fcr die Datenverarbeitung auf dieser Website ist:<br><br>Christian Seisenberger GmbH<br>Am Klosterpark 1<br>84427 St. Wolfgang<br>Telefon: +49 (0)80 81 &#8211; 95 46 80<br>E-Mail: info@janua-moebel.com<br>2. Erhebung und Speicherung personenbezogener Daten sowie Art und Zweck von deren Verwendung<br>a) Beim Besuch der Website<br>Beim Aufrufen unserer Website werden durch den auf Ihrem Endger\u00e4t zum Einsatz kommenden Browser automatisch Informationen an den Server unserer Website gesendet. Diese Informationen werden tempor\u00e4r in einem sogenannten Logfile gespeichert. Folgende Informationen werden dabei ohne Ihr Zutun erfasst und bis zur automatisierten L\u00f6schung gespeichert:<br><br>&#8211; IP-Adresse des anfragenden Rechners<br>&#8211; Datum und Uhrzeit des Zugriffs<br>&#8211; Name und URL der abgerufenen Datei<br>&#8211; Website, von der aus der Zugriff erfolgt (Referrer-URL)<br>&#8211; verwendeter Browser und ggf. das Betriebssystem Ihres Rechners sowie der Name Ihres Access-Providers<br><br>Die genannten Daten werden durch uns zu folgenden Zwecken verarbeitet:<br>&#8211; Gew\u00e4hrleistung eines reibungslosen Verbindungsaufbaus der Website<br>&#8211; Gew\u00e4hrleistung einer komfortablen Nutzung unserer Website<br>&#8211; Auswertung der Systemsicherheit und -stabilit\u00e4t sowie<br>&#8211; zu weiteren administrativen Zwecken<br><br>Die Rechtsgrundlage f\u00fcr die Datenverarbeitung ist Art. 6 Abs. 1 S. 1 lit. f DSGVO.<br>b) Bei Anforderung von Brosch\u00fcren \u00fcber unser Formular<br>Wenn Sie \u00fcber unser Formular eine Brosch\u00fcre anfordern, erheben wir folgende personenbezogene Daten:<br><br>&#8211; Vor- und Nachname<br>&#8211; E-Mail-Adresse<br>&#8211; Anschrift (Stra\u00dfe, Hausnummer, PLZ, Ort, Land)<br>&#8211; ggf. Berufsgruppe (\u201eWas beschreibt Sie am besten?\u201c)<br><br>Diese Daten werden ausschlie\u00dflich zur Bearbeitung Ihrer Anfrage und zum postalischen oder elektronischen Versand der angeforderten Brosch\u00fcre verwendet.<br><br>Die Verarbeitung erfolgt gem\u00e4\u00df Art. 6 Abs. 1 lit. b DSGVO sowie ggf. auf Grundlage Ihrer Einwilligung (Art. 6 Abs. 1 lit. a DSGVO).<br>3. Weitergabe von Daten<br>Eine \u00dcbermittlung Ihrer pers\u00f6nlichen Daten an Dritte zu anderen als den im Folgenden aufgef\u00fchrten Zwecken findet nicht statt. Wir geben Ihre pers\u00f6nlichen Daten nur an Dritte weiter, wenn:<br><br>&#8211; Sie Ihre ausdr\u00fcckliche Einwilligung dazu erteilt haben (Art. 6 Abs. 1 lit. a DSGVO),<br>&#8211; die Weitergabe gesetzlich zul\u00e4ssig ist und f\u00fcr die Abwicklung von Vertragsverh\u00e4ltnissen erforderlich ist (Art. 6 Abs. 1 lit. b DSGVO),<br>&#8211; eine gesetzliche Verpflichtung besteht (Art. 6 Abs. 1 lit. c DSGVO),<br>&#8211; oder die Weitergabe zur Geltendmachung, Aus\u00fcbung oder Verteidigung von Rechtsanspr\u00fcchen erforderlich ist (Art. 6 Abs. 1 lit. f DSGVO).<br>4. Cookies<br>Unsere Website verwendet Cookies. Dabei handelt es sich um kleine Dateien, die Ihr Browser automatisch erstellt und die auf Ihrem Endger\u00e4t gespeichert werden, wenn Sie unsere Seite besuchen. Cookies richten keinen Schaden an und enthalten keine Viren. Sie dienen dazu, unser Angebot nutzerfreundlicher und effektiver zu gestalten.<br>5. Analyse-Tools: Google Analytics<br>Diese Website benutzt Google Analytics, einen Webanalysedienst der Google Ireland Limited (\u201eGoogle\u201c). Google Analytics verwendet sog. \u201eCookies\u201c, Textdateien, die auf Ihrem Computer gespeichert werden und die eine Analyse der Benutzung der Website durch Sie erm\u00f6glichen. Die durch den Cookie erzeugten Informationen \u00fcber Ihre Benutzung dieser Website (einschlie\u00dflich Ihrer IP-Adresse) werden in der Regel an einen Server von Google in den USA \u00fcbertragen und dort gespeichert.<br><br>Wir haben die IP-Anonymisierung auf dieser Website aktiviert, sodass Ihre IP-Adresse von Google innerhalb der Mitgliedstaaten der Europ\u00e4ischen Union oder in anderen Vertragsstaaten des Abkommens \u00fcber den Europ\u00e4ischen Wirtschaftsraum zuvor gek\u00fcrzt wird. Nur in Ausnahmef\u00e4llen wird die volle IP-Adresse an einen Server von Google in den USA \u00fcbertragen und dort gek\u00fcrzt.<br><br>Im Auftrag des Betreibers dieser Website wird Google diese Informationen benutzen, um Ihre Nutzung der Website auszuwerten, um Reports \u00fcber die Websiteaktivit\u00e4ten zusammenzustellen und um weitere mit der Websitenutzung und der Internetnutzung verbundene Dienstleistungen gegen\u00fcber dem Websitebetreiber zu erbringen.<br><br>Sie k\u00f6nnen die Speicherung der Cookies durch eine entsprechende Einstellung Ihrer Browser-Software verhindern; wir weisen Sie jedoch darauf hin, dass Sie in diesem Fall gegebenenfalls nicht s\u00e4mtliche Funktionen dieser Website vollumf\u00e4nglich werden nutzen k\u00f6nnen.<br><br>Sie k\u00f6nnen dar\u00fcber hinaus die Erfassung der durch das Cookie erzeugten und auf Ihre Nutzung der Website bezogenen Daten (inkl. Ihrer IP-Adresse) an Google sowie die Verarbeitung dieser Daten durch Google verhindern, indem Sie das unter dem folgenden Link verf\u00fcgbare Browser-Plugin herunterladen und installieren: https:\/\/tools.google.com\/dlpage\/gaoptout?hl=de<br>6. Betroffenenrechte<br>Sie haben das Recht:<br>&#8211; gem\u00e4\u00df Art. 15 DSGVO Auskunft \u00fcber Ihre von uns verarbeiteten personenbezogenen Daten zu verlangen,<br>&#8211; gem\u00e4\u00df Art. 16 DSGVO Berichtigung unrichtiger oder Vervollst\u00e4ndigung Ihrer bei uns gespeicherten Daten zu verlangen,<br>&#8211; gem\u00e4\u00df Art. 17 DSGVO L\u00f6schung Ihrer bei uns gespeicherten Daten zu verlangen,<br>&#8211; gem\u00e4\u00df Art. 18 DSGVO Einschr\u00e4nkung der Verarbeitung zu verlangen,<br>&#8211; gem\u00e4\u00df Art. 20 DSGVO Ihre personenbezogenen Daten in einem strukturierten, g\u00e4ngigen und maschinenlesbaren Format zu erhalten,<br>&#8211; gem\u00e4\u00df Art. 77 DSGVO sich bei einer Aufsichtsbeh\u00f6rde zu beschweren.<br>7. Widerspruchsrecht<br>Sofern Ihre personenbezogenen Daten auf Grundlage von berechtigten Interessen gem\u00e4\u00df Art. 6 Abs. 1 lit. f DSGVO verarbeitet werden, haben Sie das Recht, gem\u00e4\u00df Art. 21 DSGVO Widerspruch gegen die Verarbeitung einzulegen, soweit daf\u00fcr Gr\u00fcnde vorliegen, die sich aus Ihrer besonderen Situation ergeben.<br>8. Datenschutzbeauftragter<br>Wir haben f\u00fcr unser Unternehmen einen Datenschutzbeauftragten bestellt:<br><br>ComforIT GmbH<br>Bahnhofstra\u00dfe 6<br>84405 Dorfen<br>Telefon: 08081 6049950<br>Website: https:\/\/www.comfor-it.de<\/p>","protected":false},"excerpt":{"rendered":"","protected":false},"author":1,"featured_media":0,"parent":0,"menu_order":0,"comment_status":"closed","ping_status":"closed","template":"","meta":{"_nectar_blocks_hide_post_title":false,"_nectar_blocks_transparent_header_effect":false,"_nectar_blocks_transparent_header_effect_color":"light","_nectar_blocks_header_animation":false,"_nectar_blocks_header_animation_delay":0,"_nectar_blocks_header_animation_effect":"fade","_nectar_blocks_page_css":"","_nectar_blocks_page_js":"","footnotes":""},"class_list":["post-469","page","type-page","status-publish"],"_links":{"self":[{"href":"https:\/\/janua-schottenhansen.com\/en\/wp-json\/wp\/v2\/pages\/469","targetHints":{"allow":["GET"]}}],"collection":[{"href":"https:\/\/janua-schottenhansen.com\/en\/wp-json\/wp\/v2\/pages"}],"about":[{"href":"https:\/\/janua-schottenhansen.com\/en\/wp-json\/wp\/v2\/types\/page"}],"author":[{"embeddable":true,"href":"https:\/\/janua-schottenhansen.com\/en\/wp-json\/wp\/v2\/users\/1"}],"replies":[{"embeddable":true,"href":"https:\/\/janua-schottenhansen.com\/en\/wp-json\/wp\/v2\/comments?post=469"}],"version-history":[{"count":1,"href":"https:\/\/janua-schottenhansen.com\/en\/wp-json\/wp\/v2\/pages\/469\/revisions"}],"predecessor-version":[{"id":470,"href":"https:\/\/janua-schottenhansen.com\/en\/wp-json\/wp\/v2\/pages\/469\/revisions\/470"}],"wp:attachment":[{"href":"https:\/\/janua-schottenhansen.com\/en\/wp-json\/wp\/v2\/media?parent=469"}],"curies":[{"name":"wp","href":"https:\/\/api.w.org\/{rel}","templated":true}]}}