{"id":467,"date":"2025-04-07T17:10:51","date_gmt":"2025-04-07T17:10:51","guid":{"rendered":"https:\/\/janua-schottenhansen.com\/?page_id=467"},"modified":"2025-04-07T17:11:22","modified_gmt":"2025-04-07T17:11:22","slug":"impressum","status":"publish","type":"page","link":"https:\/\/janua-schottenhansen.com\/en\/impressum\/","title":{"rendered":"Impressum"},"content":{"rendered":"<div class=\"wp-block-nectar-blocks-row nectar-block nectar-blocks-row nectar-blocks-row__inner nectar-blocks-row__wrapper parent-block-block-Anb3AU2BgK\" id=\"block-Anb3AU2BgK\">\n<div class=\"wp-block-nectar-blocks-column nectar-blocks-column nectar-block\" id=\"block-WvLeaGoxI1\"><div class=\"nectar-blocks-column__inner nectar-blocks-column__content-wrap parent-block-block-WvLeaGoxI1 nectar-blocks-column__wrapper\">\n<p id=\"block-FXcnraW0bl\" class=\"wp-block-nectar-blocks-text nectar-blocks-text\">Impressum<br>Angaben gem\u00e4\u00df \u00a7 5 TMG:<br><br>Christian Seisenberger GmbH<br>Am Klosterpark 1<br>84427 St. Wolfgang<br>Deutschland<br><br>Telefon: +49 (0)80 81 &#8211; 95 46 80<br>Telefax: +49 (0)80 81 &#8211; 95 43 31<br>E-Mail: info@janua-moebel.com<br>Website: www.janua-schottenhansen.com<br><br>Vertretungsberechtigter Gesch\u00e4ftsf\u00fchrer:<br>Christian Seisenberger<br><br>Handelsregistereintrag:<br>Registergericht: Amtsgericht M\u00fcnchen<br>Handelsregister-Nr.: HRB 165 454<br><br>Umsatzsteuer-ID:<br>DE251728538 gem\u00e4\u00df \u00a7 27a Umsatzsteuergesetz<br><br>Inhaltlich verantwortlich gem\u00e4\u00df \u00a7 18 Abs. 2 MStV:<br>Christian Seisenberger<br>Am Klosterpark 1<br>84427 St. Wolfgang<br>Urheberrecht und Bildnachweise<br>Die durch die Seitenbetreiber erstellten Inhalte und Werke auf dieser Website unterliegen dem deutschen Urheberrecht. Beitr\u00e4ge Dritter sind als solche gekennzeichnet. Die Vervielf\u00e4ltigung, Bearbeitung, Verbreitung oder jede Art der Verwertung au\u00dferhalb der Grenzen des Urheberrechts bed\u00fcrfen der schriftlichen Zustimmung des jeweiligen Autors bzw. Erstellers.<br><br>Fotos, Grafiken, Texte und Layout sind urheberrechtlich gesch\u00fctzt. Eine Verwendung ohne ausdr\u00fcckliche Zustimmung ist untersagt.<\/p>\n\n\n\n<p id=\"block-epxy81k5Df\" class=\"wp-block-nectar-blocks-text nectar-blocks-text\"><br>Haftungsausschluss<br>Die Inhalte unserer Seiten wurden mit gr\u00f6\u00dfter Sorgfalt erstellt. F\u00fcr die Richtigkeit, Vollst\u00e4ndigkeit und Aktualit\u00e4t der Inhalte k\u00f6nnen wir jedoch keine Gew\u00e4hr \u00fcbernehmen.<br><br>Unser Angebot enth\u00e4lt Links zu externen Websites Dritter, auf deren Inhalte wir keinen Einfluss haben. Deshalb k\u00f6nnen wir f\u00fcr diese fremden Inhalte auch keine Gew\u00e4hr \u00fcbernehmen. F\u00fcr die Inhalte der verlinkten Seiten ist stets der jeweilige Anbieter oder Betreiber der Seiten verantwortlich.<\/p>\n<\/div><\/div>\n<\/div>","protected":false},"excerpt":{"rendered":"","protected":false},"author":1,"featured_media":0,"parent":0,"menu_order":0,"comment_status":"closed","ping_status":"closed","template":"template-no-footer.php","meta":{"_nectar_blocks_hide_post_title":false,"_nectar_blocks_transparent_header_effect":false,"_nectar_blocks_transparent_header_effect_color":"light","_nectar_blocks_header_animation":false,"_nectar_blocks_header_animation_delay":0,"_nectar_blocks_header_animation_effect":"fade","_nectar_blocks_page_css":"","_nectar_blocks_page_js":"","footnotes":""},"class_list":["post-467","page","type-page","status-publish"],"_links":{"self":[{"href":"https:\/\/janua-schottenhansen.com\/en\/wp-json\/wp\/v2\/pages\/467","targetHints":{"allow":["GET"]}}],"collection":[{"href":"https:\/\/janua-schottenhansen.com\/en\/wp-json\/wp\/v2\/pages"}],"about":[{"href":"https:\/\/janua-schottenhansen.com\/en\/wp-json\/wp\/v2\/types\/page"}],"author":[{"embeddable":true,"href":"https:\/\/janua-schottenhansen.com\/en\/wp-json\/wp\/v2\/users\/1"}],"replies":[{"embeddable":true,"href":"https:\/\/janua-schottenhansen.com\/en\/wp-json\/wp\/v2\/comments?post=467"}],"version-history":[{"count":1,"href":"https:\/\/janua-schottenhansen.com\/en\/wp-json\/wp\/v2\/pages\/467\/revisions"}],"predecessor-version":[{"id":468,"href":"https:\/\/janua-schottenhansen.com\/en\/wp-json\/wp\/v2\/pages\/467\/revisions\/468"}],"wp:attachment":[{"href":"https:\/\/janua-schottenhansen.com\/en\/wp-json\/wp\/v2\/media?parent=467"}],"curies":[{"name":"wp","href":"https:\/\/api.w.org\/{rel}","templated":true}]}}